{"id":125,"date":"2022-02-01T23:06:35","date_gmt":"2022-02-01T23:06:35","guid":{"rendered":"https:\/\/puravidax.com.br\/home\/minha-conta\/"},"modified":"2025-01-25T01:31:24","modified_gmt":"2025-01-25T01:31:24","slug":"minha-conta","status":"publish","type":"page","link":"https:\/\/puravidax.com.br\/home\/minha-conta\/","title":{"rendered":"A minha conta"},"content":{"rendered":"\t\t<div data-elementor-type=\"wp-page\" data-elementor-id=\"125\" class=\"elementor elementor-125\" data-elementor-post-type=\"page\">\n\t\t\t\t<div class=\"elementor-element elementor-element-70d16d64 e-flex e-con-boxed e-con e-parent\" data-id=\"70d16d64\" data-element_type=\"container\" data-e-type=\"container\">\n\t\t\t\t\t<div class=\"e-con-inner\">\n\t\t<div class=\"elementor-element elementor-element-7474552 e-con-full e-flex e-con e-child\" data-id=\"7474552\" data-element_type=\"container\" data-e-type=\"container\">\n\t\t\t\t<div class=\"elementor-element elementor-element-8f77b30 e-my-account-tabs-horizontal elementor-widget elementor-widget-woocommerce-my-account\" data-id=\"8f77b30\" data-element_type=\"widget\" data-e-type=\"widget\" data-widget_type=\"woocommerce-my-account.default\">\n\t\t\t\t\t<div class=\"e-my-account-tab e-my-account-tab__ \">\t\t\t<div class=\"woocommerce\"><\/div>\t\t<\/div>\n\t\t\t\t\t\t<\/div>\n\t\t\t\t<\/div>\n\t\t\t\t\t<\/div>\n\t\t\t\t<\/div>\n\t\t\t\t<\/div>\n\t\t","protected":false},"excerpt":{"rendered":"<p>Painel Pefil Pedidos Reservas Respostas Sair Dashboard Orders Downloads Addresses Account Details Inquiries Reservas Logout Dashboard Orders Downloads Addresses Account Details Inquiries Reservas Logout Dashboard Orders Downloads Addresses Account Details Inquiries Reservas Logout Dashboard Orders Downloads Addresses Account Details Inquiries Reservas Logout Ol\u00e1, gestor (n\u00e3o \u00e9 gestor? Sair) A partir do painel de controle de [&hellip;]<\/p>\n","protected":false},"author":123461,"featured_media":0,"parent":0,"menu_order":0,"comment_status":"closed","ping_status":"closed","template":"","meta":{"footnotes":""},"class_list":["post-125","page","type-page","status-publish","hentry"],"ams_acf":[],"yoast_head":"<!-- This site is optimized with the Yoast SEO Premium plugin v24.2 (Yoast SEO v24.3) - https:\/\/yoast.com\/wordpress\/plugins\/seo\/ -->\n<title>A minha conta - Pura Vidax<\/title>\n<meta name=\"robots\" content=\"index, follow, max-snippet:-1, max-image-preview:large, max-video-preview:-1\" \/>\n<meta property=\"og:locale\" content=\"pt_BR\" \/>\n<meta property=\"og:type\" content=\"article\" \/>\n<meta property=\"og:title\" content=\"A minha conta\" \/>\n<meta property=\"og:description\" content=\"Painel Pefil Pedidos Reservas Respostas Sair Dashboard Orders Downloads Addresses Account Details Inquiries Reservas Logout Dashboard Orders Downloads Addresses Account Details Inquiries Reservas Logout Dashboard Orders Downloads Addresses Account Details Inquiries Reservas Logout Dashboard Orders Downloads Addresses Account Details Inquiries Reservas Logout Ol\u00e1, gestor (n\u00e3o \u00e9 gestor? Sair) A partir do painel de controle de [&hellip;]\" \/>\n<meta property=\"og:url\" content=\"https:\/\/puravidax.com.br\/home\/minha-conta\/\" \/>\n<meta property=\"og:site_name\" content=\"Pura Vidax\" \/>\n<meta property=\"article:modified_time\" content=\"2025-01-25T01:31:24+00:00\" \/>\n<meta name=\"twitter:card\" content=\"summary_large_image\" \/>\n<script type=\"application\/ld+json\" class=\"yoast-schema-graph\">{\"@context\":\"https:\/\/schema.org\",\"@graph\":[{\"@type\":\"WebPage\",\"@id\":\"https:\/\/puravidax.com.br\/home\/minha-conta\/\",\"url\":\"https:\/\/puravidax.com.br\/home\/minha-conta\/\",\"name\":\"A minha conta - Pura Vidax\",\"isPartOf\":{\"@id\":\"https:\/\/puravidax.com.br\/home\/#website\"},\"datePublished\":\"2022-02-01T23:06:35+00:00\",\"dateModified\":\"2025-01-25T01:31:24+00:00\",\"breadcrumb\":{\"@id\":\"https:\/\/puravidax.com.br\/home\/minha-conta\/#breadcrumb\"},\"inLanguage\":\"pt-BR\",\"potentialAction\":[{\"@type\":\"ReadAction\",\"target\":[\"https:\/\/puravidax.com.br\/home\/minha-conta\/\"]}]},{\"@type\":\"BreadcrumbList\",\"@id\":\"https:\/\/puravidax.com.br\/home\/minha-conta\/#breadcrumb\",\"itemListElement\":[{\"@type\":\"ListItem\",\"position\":1,\"name\":\"In\u00edcio\",\"item\":\"https:\/\/puravidax.com.br\/home\/\"},{\"@type\":\"ListItem\",\"position\":2,\"name\":\"A minha conta\"}]},{\"@type\":\"WebSite\",\"@id\":\"https:\/\/puravidax.com.br\/home\/#website\",\"url\":\"https:\/\/puravidax.com.br\/home\/\",\"name\":\"Pura Vidax\",\"description\":\"Agende seu passeio ou servi\u00e7o em uma das regi\u00f5es mais lindas do RN\",\"publisher\":{\"@id\":\"https:\/\/puravidax.com.br\/home\/#organization\"},\"potentialAction\":[{\"@type\":\"SearchAction\",\"target\":{\"@type\":\"EntryPoint\",\"urlTemplate\":\"https:\/\/puravidax.com.br\/home\/?s={search_term_string}\"},\"query-input\":{\"@type\":\"PropertyValueSpecification\",\"valueRequired\":true,\"valueName\":\"search_term_string\"}}],\"inLanguage\":\"pt-BR\"},{\"@type\":\"Organization\",\"@id\":\"https:\/\/puravidax.com.br\/home\/#organization\",\"name\":\"Pura Vidax\",\"url\":\"https:\/\/puravidax.com.br\/home\/\",\"logo\":{\"@type\":\"ImageObject\",\"inLanguage\":\"pt-BR\",\"@id\":\"https:\/\/puravidax.com.br\/home\/#\/schema\/logo\/image\/\",\"url\":\"https:\/\/puravidax.com.br\/home\/wp-content\/uploads\/2025\/01\/logowordpress.png\",\"contentUrl\":\"https:\/\/puravidax.com.br\/home\/wp-content\/uploads\/2025\/01\/logowordpress.png\",\"width\":1312,\"height\":472,\"caption\":\"Pura Vidax\"},\"image\":{\"@id\":\"https:\/\/puravidax.com.br\/home\/#\/schema\/logo\/image\/\"}}]}<\/script>\n<!-- \/ Yoast SEO Premium plugin. -->","yoast_head_json":{"title":"A minha conta - Pura Vidax","robots":{"index":"index","follow":"follow","max-snippet":"max-snippet:-1","max-image-preview":"max-image-preview:large","max-video-preview":"max-video-preview:-1"},"og_locale":"pt_BR","og_type":"article","og_title":"A minha conta","og_description":"Painel Pefil Pedidos Reservas Respostas Sair Dashboard Orders Downloads Addresses Account Details Inquiries Reservas Logout Dashboard Orders Downloads Addresses Account Details Inquiries Reservas Logout Dashboard Orders Downloads Addresses Account Details Inquiries Reservas Logout Dashboard Orders Downloads Addresses Account Details Inquiries Reservas Logout Ol\u00e1, gestor (n\u00e3o \u00e9 gestor? Sair) A partir do painel de controle de [&hellip;]","og_url":"https:\/\/puravidax.com.br\/home\/minha-conta\/","og_site_name":"Pura Vidax","article_modified_time":"2025-01-25T01:31:24+00:00","twitter_card":"summary_large_image","schema":{"@context":"https:\/\/schema.org","@graph":[{"@type":"WebPage","@id":"https:\/\/puravidax.com.br\/home\/minha-conta\/","url":"https:\/\/puravidax.com.br\/home\/minha-conta\/","name":"A minha conta - Pura Vidax","isPartOf":{"@id":"https:\/\/puravidax.com.br\/home\/#website"},"datePublished":"2022-02-01T23:06:35+00:00","dateModified":"2025-01-25T01:31:24+00:00","breadcrumb":{"@id":"https:\/\/puravidax.com.br\/home\/minha-conta\/#breadcrumb"},"inLanguage":"pt-BR","potentialAction":[{"@type":"ReadAction","target":["https:\/\/puravidax.com.br\/home\/minha-conta\/"]}]},{"@type":"BreadcrumbList","@id":"https:\/\/puravidax.com.br\/home\/minha-conta\/#breadcrumb","itemListElement":[{"@type":"ListItem","position":1,"name":"In\u00edcio","item":"https:\/\/puravidax.com.br\/home\/"},{"@type":"ListItem","position":2,"name":"A minha conta"}]},{"@type":"WebSite","@id":"https:\/\/puravidax.com.br\/home\/#website","url":"https:\/\/puravidax.com.br\/home\/","name":"Pura Vidax","description":"Agende seu passeio ou servi\u00e7o em uma das regi\u00f5es mais lindas do RN","publisher":{"@id":"https:\/\/puravidax.com.br\/home\/#organization"},"potentialAction":[{"@type":"SearchAction","target":{"@type":"EntryPoint","urlTemplate":"https:\/\/puravidax.com.br\/home\/?s={search_term_string}"},"query-input":{"@type":"PropertyValueSpecification","valueRequired":true,"valueName":"search_term_string"}}],"inLanguage":"pt-BR"},{"@type":"Organization","@id":"https:\/\/puravidax.com.br\/home\/#organization","name":"Pura Vidax","url":"https:\/\/puravidax.com.br\/home\/","logo":{"@type":"ImageObject","inLanguage":"pt-BR","@id":"https:\/\/puravidax.com.br\/home\/#\/schema\/logo\/image\/","url":"https:\/\/puravidax.com.br\/home\/wp-content\/uploads\/2025\/01\/logowordpress.png","contentUrl":"https:\/\/puravidax.com.br\/home\/wp-content\/uploads\/2025\/01\/logowordpress.png","width":1312,"height":472,"caption":"Pura Vidax"},"image":{"@id":"https:\/\/puravidax.com.br\/home\/#\/schema\/logo\/image\/"}}]}},"_links":{"self":[{"href":"https:\/\/puravidax.com.br\/home\/wp-json\/wp\/v2\/pages\/125","targetHints":{"allow":["GET"]}}],"collection":[{"href":"https:\/\/puravidax.com.br\/home\/wp-json\/wp\/v2\/pages"}],"about":[{"href":"https:\/\/puravidax.com.br\/home\/wp-json\/wp\/v2\/types\/page"}],"author":[{"embeddable":true,"href":"https:\/\/puravidax.com.br\/home\/wp-json\/wp\/v2\/users\/123461"}],"replies":[{"embeddable":true,"href":"https:\/\/puravidax.com.br\/home\/wp-json\/wp\/v2\/comments?post=125"}],"version-history":[{"count":41,"href":"https:\/\/puravidax.com.br\/home\/wp-json\/wp\/v2\/pages\/125\/revisions"}],"predecessor-version":[{"id":7574,"href":"https:\/\/puravidax.com.br\/home\/wp-json\/wp\/v2\/pages\/125\/revisions\/7574"}],"wp:attachment":[{"href":"https:\/\/puravidax.com.br\/home\/wp-json\/wp\/v2\/media?parent=125"}],"curies":[{"name":"wp","href":"https:\/\/api.w.org\/{rel}","templated":true}]}}