{"id":7236,"date":"2025-01-24T12:45:12","date_gmt":"2025-01-24T12:45:12","guid":{"rendered":"https:\/\/puravidax.com.br\/home\/?post_type=product&#038;p=7236"},"modified":"2025-01-25T17:00:54","modified_gmt":"2025-01-25T17:00:54","slug":"aluguel-de-caiaques","status":"publish","type":"product","link":"https:\/\/puravidax.com.br\/home\/produto\/aluguel-de-caiaques\/","title":{"rendered":"Aluguel de caiaques"},"content":{"rendered":"<div class=\"flex-1 overflow-hidden @container\/thread\">\n<div class=\"h-full\">\n<div class=\"react-scroll-to-bottom--css-emyzu-79elbk h-full\">\n<div class=\"react-scroll-to-bottom--css-emyzu-1n7m0yu\">\n<div class=\"flex flex-col text-sm md:pb-9\">\n<article class=\"w-full scroll-mb-[var(--thread-trailing-height,150px)] text-token-text-primary focus-visible:outline-2 focus-visible:outline-offset-[-4px]\" dir=\"auto\" data-testid=\"conversation-turn-25\" data-scroll-anchor=\"true\">\n<div class=\"m-auto text-base py-[18px] px-3 md:px-4 w-full md:px-5 lg:px-4 xl:px-5\">\n<div class=\"mx-auto flex flex-1 gap-4 text-base md:gap-5 lg:gap-6 md:max-w-3xl lg:max-w-[40rem] xl:max-w-[48rem]\">\n<div class=\"group\/conversation-turn relative flex w-full min-w-0 flex-col agent-turn\">\n<div class=\"flex-col gap-1 md:gap-3\">\n<div class=\"flex max-w-full flex-col flex-grow\">\n<div class=\"min-h-8 text-message flex w-full flex-col items-end gap-2 whitespace-normal break-words text-start [.text-message+&amp;]:mt-5\" dir=\"auto\" data-message-author-role=\"assistant\" data-message-id=\"3ad77624-fb3a-4c34-aabe-a6e8b6002425\" data-message-model-slug=\"gpt-4o\">\n<div class=\"flex w-full flex-col gap-1 empty:hidden first:pt-[3px]\">\n<div class=\"markdown prose w-full break-words dark:prose-invert light\">\n<p>O <strong>aluguel de caiaques na Praia da Pipa<\/strong> \u00e9 uma atividade perfeita para quem deseja desfrutar de momentos tranquilos nas \u00e1guas calmas da regi\u00e3o, apreciando a beleza natural e explorando cantos encantadores no seu pr\u00f3prio ritmo. Com op\u00e7\u00f5es de caiaques individuais e duplos, a experi\u00eancia combina lazer, exerc\u00edcio f\u00edsico leve e contato direto com a natureza.<\/p>\n<hr \/>\n<h3>Como Funciona o Aluguel de Caiaques<\/h3>\n<p>Os servi\u00e7os de aluguel s\u00e3o oferecidos em pontos estrat\u00e9gicos das praias e lagoas de Pipa, com estrutura preparada para atender visitantes de diferentes n\u00edveis de experi\u00eancia.<\/p>\n<ul>\n<li><strong>Localiza\u00e7\u00e3o principal:<\/strong> Voc\u00ea encontra caiaques dispon\u00edveis nas \u00e1guas calmas da <strong>Lagoa de Guara\u00edras<\/strong>, no <strong>Rio Cat\u00fa<\/strong> em Siba\u00fama, e at\u00e9 em praias como a do Madeiro ou de Tibau do Sul.<\/li>\n<li><strong>Tipos de caiaque:<\/strong>\n<ul>\n<li><strong>Individuais:<\/strong> Para quem prefere remar sozinho.<\/li>\n<li><strong>Duplos:<\/strong> Ideais para casais, amigos ou fam\u00edlias com crian\u00e7as.<\/li>\n<\/ul>\n<\/li>\n<\/ul>\n<hr \/>\n<h3>Benef\u00edcios do Aluguel<\/h3>\n<ul>\n<li><strong>Liberdade para explorar:<\/strong> Permite acessar \u00e1reas que n\u00e3o s\u00e3o facilmente alcan\u00e7adas por outros meios, como manguezais, pequenas praias e recantos isolados.<\/li>\n<li><strong>Contato com a natureza:<\/strong> Uma oportunidade de observar p\u00e1ssaros, peixes e, dependendo do local, at\u00e9 mesmo golfinhos em \u00e1guas mais tranquilas.<\/li>\n<li><strong>Experi\u00eancia acess\u00edvel:<\/strong> N\u00e3o \u00e9 necess\u00e1rio ter experi\u00eancia pr\u00e9via, pois a atividade \u00e9 simples e adequada para todas as idades.<\/li>\n<\/ul>\n<hr \/>\n<h3>Estrutura e Equipamentos<\/h3>\n<p>O aluguel inclui todo o necess\u00e1rio para uma experi\u00eancia segura e confort\u00e1vel:<\/p>\n<ul>\n<li><strong>Caiaque e remos:<\/strong> Modelos leves, est\u00e1veis e de f\u00e1cil manuseio.<\/li>\n<li><strong>Coletes salva-vidas:<\/strong> Garantindo a seguran\u00e7a de todos os participantes, especialmente crian\u00e7as.<\/li>\n<li><strong>Orienta\u00e7\u00e3o inicial:<\/strong> Dicas r\u00e1pidas sobre como remar e aproveitar melhor a experi\u00eancia.<\/li>\n<\/ul>\n<hr \/>\n<h3>Pre\u00e7os<\/h3>\n<p>Os valores variam conforme o tempo de aluguel:<\/p>\n<ul>\n<li><strong>1 hora:<\/strong> R$ 50 a R$ 70 por caiaque.<\/li>\n<li><strong>2 a 3 horas:<\/strong> Entre R$ 80 e R$ 120 por caiaque.<\/li>\n<li><strong>Pacote para o dia todo:<\/strong> De R$ 150 a R$ 200, dependendo do local e do tipo de caiaque.<\/li>\n<\/ul>\n<hr \/>\n<h3>Locais Recomendados para Remeiros<\/h3>\n<ol>\n<li><strong>Lagoa de Guara\u00edras:<\/strong> \u00c1guas calmas e paisagens de mangue tornam esse destino ideal para iniciantes. \u00c9 um dos locais mais tranquilos para remar e ainda oferece vistas incr\u00edveis ao entardecer.<\/li>\n<li><strong>Rio Cat\u00fa:<\/strong> Rodeado por manguezais, proporciona uma experi\u00eancia de imers\u00e3o na natureza.<\/li>\n<li><strong>Praia do Madeiro:<\/strong> Permite combinar remadas suaves com a chance de avistar golfinhos em seu habitat natural.<\/li>\n<li><strong>Praia de Tibau do Sul:<\/strong> Com \u00e1guas serenas, \u00e9 ideal para quem quer praticar remadas leves e curtir a paisagem ao redor.<\/li>\n<\/ol>\n<hr \/>\n<h3>Dicas para Aproveitar<\/h3>\n<ol>\n<li><strong>Roupas confort\u00e1veis:<\/strong> Use traje de banho ou roupas que possam se molhar, pois a atividade envolve contato com a \u00e1gua.<\/li>\n<li><strong>Protetor solar e chap\u00e9u:<\/strong> Essenciais para proteger-se do sol durante o trajeto.<\/li>\n<li><strong>Cuidado com pertences:<\/strong> Leve apenas itens essenciais e, se poss\u00edvel, guarde em bolsas estanques para evitar danos causados pela \u00e1gua.<\/li>\n<li><strong>Hidrate-se:<\/strong> Carregue uma garrafa de \u00e1gua para manter-se hidratado, especialmente em passeios mais longos.<\/li>\n<\/ol>\n<hr \/>\n<h3>Por Que Experimentar?<\/h3>\n<p>Alugar um caiaque na Praia da Pipa \u00e9 uma experi\u00eancia relaxante e acess\u00edvel, que mistura lazer com a oportunidade de descobrir paisagens \u00fanicas. Seja remando tranquilamente pela lagoa ou explorando o mar pr\u00f3ximo \u00e0s praias, essa \u00e9 uma atividade que agrada desde fam\u00edlias a aventureiros. \u200d\u2642\ufe0f<\/p>\n<\/div>\n<\/div>\n<\/div>\n<\/div>\n<div class=\"mb-2 flex gap-3 empty:hidden -ml-2\">\n<div class=\"items-center justify-start rounded-xl p-1 flex\"><\/div>\n<\/div>\n<\/div>\n<\/div>\n<\/div>\n<\/div>\n<\/article>\n<\/div>\n<\/div>\n<\/div>\n<\/div>\n<\/div>\n<div class=\"md:pt-0 dark:border-white\/20 md:border-transparent md:dark:border-transparent w-full\">\n<div class=\"m-auto text-base px-3 md:px-4 w-full md:px-5 lg:px-4 xl:px-5\">\n<div class=\"mx-auto flex flex-1 gap-4 text-base md:gap-5 lg:gap-6 md:max-w-3xl lg:max-w-[40rem] xl:max-w-[48rem]\">\n<form class=\"w-full\" aria-haspopup=\"dialog\" aria-expanded=\"false\" aria-controls=\"radix-:r4t:\" data-state=\"closed\">\n<div class=\"relative flex h-full max-w-full flex-1 flex-col\">\n<div class=\"group relative flex w-full items-center\">\n<div class=\"w-full\">\n<div id=\"composer-background\" class=\"flex w-full cursor-text flex-col rounded-3xl px-2.5 py-1 transition-colors contain-inline-size bg-[#f4f4f4] dark:bg-token-main-surface-secondary\">\n<div class=\"flex h-[44px] items-center justify-between\">\n<div class=\"flex gap-x-1 text-token-text-primary\">\n<div>\n<div class=\"relative\">\n<div class=\"relative\">\n<div class=\"flex flex-col\">\n<div><\/div>\n<\/div>\n<\/div>\n<\/div>\n<\/div>\n<div><\/div>\n<div>\n<div><\/div>\n<\/div>\n<\/div>\n<div class=\"flex gap-x-1\">\n<div>\n<div class=\"min-w-8\">\n<div><\/div>\n<\/div>\n<\/div>\n<\/div>\n<\/div>\n<\/div>\n<\/div>\n<\/div>\n<\/div>\n<\/form>\n<\/div>\n<\/div>\n<div class=\"relative w-full px-2 py-2 text-center text-xs text-token-text-secondary empty:hidden md:px-[60px]\">\n<div class=\"min-h-4\"><\/div>\n<\/div>\n<\/div>\n","protected":false},"excerpt":{"rendered":"<p>O aluguel de caiaques na Praia da Pipa \u00e9 uma atividade perfeita para quem deseja desfrutar de momentos tranquilos nas \u00e1guas calmas da regi\u00e3o, apreciando a beleza natural e explorando cantos encantadores no seu pr\u00f3prio ritmo. Com op\u00e7\u00f5es de caiaques individuais e duplos, a experi\u00eancia combina lazer, exerc\u00edcio f\u00edsico leve e contato direto com a [&hellip;]<\/p>\n","protected":false},"featured_media":7237,"comment_status":"open","ping_status":"closed","template":"","meta":[],"product_brand":[],"product_cat":[40],"product_tag":[81],"class_list":{"0":"post-7236","1":"product","2":"type-product","3":"status-publish","4":"has-post-thumbnail","6":"product_cat-aluguel-de-caiaque","7":"product_tag-servico","9":"first","10":"instock","11":"virtual","12":"sold-individually","13":"purchasable","14":"product-type-booking"},"ams_default_variation_id":0,"ams_product_points_reward":[],"ams_product_discount_percentage":0,"ams_price_to_display":50,"ams_acf":[],"yoast_head":"<!-- This site is optimized with the Yoast SEO Premium plugin v24.2 (Yoast SEO v24.3) - https:\/\/yoast.com\/wordpress\/plugins\/seo\/ -->\n<title>Aluguel de caiaques - Pura Vidax<\/title>\n<meta name=\"description\" content=\"O aluguel de caiaques na Praia da Pipa \u00e9 uma atividade perfeita para quem deseja desfrutar de momentos tranquilos nas \u00e1guas calmas da regi\u00e3o\" \/>\n<meta name=\"robots\" content=\"index, follow, max-snippet:-1, max-image-preview:large, max-video-preview:-1\" \/>\n<meta property=\"og:locale\" content=\"pt_BR\" \/>\n<meta property=\"og:type\" content=\"article\" \/>\n<meta property=\"og:title\" content=\"Aluguel de caiaques\" \/>\n<meta property=\"og:description\" content=\"O aluguel de caiaques na Praia da Pipa \u00e9 uma atividade perfeita para quem deseja desfrutar de momentos tranquilos nas \u00e1guas calmas da regi\u00e3o\" \/>\n<meta property=\"og:url\" content=\"https:\/\/puravidax.com.br\/home\/produto\/aluguel-de-caiaques\/\" \/>\n<meta property=\"og:site_name\" content=\"Pura Vidax\" \/>\n<meta property=\"article:modified_time\" content=\"2025-01-25T17:00:54+00:00\" \/>\n<meta property=\"og:image\" content=\"https:\/\/puravidax.com.br\/home\/wp-content\/uploads\/2025\/01\/alugueldekaiaque.png\" \/>\n\t<meta property=\"og:image:width\" content=\"562\" \/>\n\t<meta property=\"og:image:height\" content=\"562\" \/>\n\t<meta property=\"og:image:type\" content=\"image\/png\" \/>\n<meta name=\"twitter:card\" content=\"summary_large_image\" \/>\n<meta name=\"twitter:label1\" content=\"Pre\u00e7o\" \/>\n\t<meta name=\"twitter:data1\" content=\"&#082;&#036;&nbsp;50,00\" \/>\n\t<meta name=\"twitter:label2\" content=\"Disponibilidade\" \/>\n\t<meta name=\"twitter:data2\" content=\"Em Estoque\" \/>\n<script type=\"application\/ld+json\" class=\"yoast-schema-graph\">{\"@context\":\"https:\/\/schema.org\",\"@graph\":[{\"@type\":\"WebPage\",\"@id\":\"https:\/\/puravidax.com.br\/home\/produto\/aluguel-de-caiaques\/\",\"url\":\"https:\/\/puravidax.com.br\/home\/produto\/aluguel-de-caiaques\/\",\"name\":\"Aluguel de caiaques - Pura Vidax\",\"isPartOf\":{\"@id\":\"https:\/\/puravidax.com.br\/home\/#website\"},\"primaryImageOfPage\":{\"@id\":\"https:\/\/puravidax.com.br\/home\/produto\/aluguel-de-caiaques\/#primaryimage\"},\"image\":{\"@id\":\"https:\/\/puravidax.com.br\/home\/produto\/aluguel-de-caiaques\/#primaryimage\"},\"thumbnailUrl\":\"https:\/\/puravidax.com.br\/home\/wp-content\/uploads\/2025\/01\/alugueldekaiaque.png\",\"datePublished\":\"2025-01-24T12:45:12+00:00\",\"dateModified\":\"2025-01-25T17:00:54+00:00\",\"description\":\"O aluguel de caiaques na Praia da Pipa \u00e9 uma atividade perfeita para quem deseja desfrutar de momentos tranquilos nas \u00e1guas calmas da regi\u00e3o\",\"breadcrumb\":{\"@id\":\"https:\/\/puravidax.com.br\/home\/produto\/aluguel-de-caiaques\/#breadcrumb\"},\"inLanguage\":\"pt-BR\",\"potentialAction\":[{\"@type\":\"ReadAction\",\"target\":[\"https:\/\/puravidax.com.br\/home\/produto\/aluguel-de-caiaques\/\"]}]},{\"@type\":\"ImageObject\",\"inLanguage\":\"pt-BR\",\"@id\":\"https:\/\/puravidax.com.br\/home\/produto\/aluguel-de-caiaques\/#primaryimage\",\"url\":\"https:\/\/puravidax.com.br\/home\/wp-content\/uploads\/2025\/01\/alugueldekaiaque.png\",\"contentUrl\":\"https:\/\/puravidax.com.br\/home\/wp-content\/uploads\/2025\/01\/alugueldekaiaque.png\",\"width\":562,\"height\":562},{\"@type\":\"BreadcrumbList\",\"@id\":\"https:\/\/puravidax.com.br\/home\/produto\/aluguel-de-caiaques\/#breadcrumb\",\"itemListElement\":[{\"@type\":\"ListItem\",\"position\":1,\"name\":\"In\u00edcio\",\"item\":\"https:\/\/puravidax.com.br\/home\/\"},{\"@type\":\"ListItem\",\"position\":2,\"name\":\"Produtos\",\"item\":\"https:\/\/puravidax.com.br\/home\/loja\/\"},{\"@type\":\"ListItem\",\"position\":3,\"name\":\"Aluguel de caiaques\"}]},{\"@type\":\"WebSite\",\"@id\":\"https:\/\/puravidax.com.br\/home\/#website\",\"url\":\"https:\/\/puravidax.com.br\/home\/\",\"name\":\"Pura Vidax\",\"description\":\"Agende seu passeio ou servi\u00e7o em uma das regi\u00f5es mais lindas do RN\",\"publisher\":{\"@id\":\"https:\/\/puravidax.com.br\/home\/#organization\"},\"potentialAction\":[{\"@type\":\"SearchAction\",\"target\":{\"@type\":\"EntryPoint\",\"urlTemplate\":\"https:\/\/puravidax.com.br\/home\/?s={search_term_string}\"},\"query-input\":{\"@type\":\"PropertyValueSpecification\",\"valueRequired\":true,\"valueName\":\"search_term_string\"}}],\"inLanguage\":\"pt-BR\"},{\"@type\":\"Organization\",\"@id\":\"https:\/\/puravidax.com.br\/home\/#organization\",\"name\":\"Pura Vidax\",\"url\":\"https:\/\/puravidax.com.br\/home\/\",\"logo\":{\"@type\":\"ImageObject\",\"inLanguage\":\"pt-BR\",\"@id\":\"https:\/\/puravidax.com.br\/home\/#\/schema\/logo\/image\/\",\"url\":\"https:\/\/puravidax.com.br\/home\/wp-content\/uploads\/2025\/01\/logowordpress.png\",\"contentUrl\":\"https:\/\/puravidax.com.br\/home\/wp-content\/uploads\/2025\/01\/logowordpress.png\",\"width\":1312,\"height\":472,\"caption\":\"Pura Vidax\"},\"image\":{\"@id\":\"https:\/\/puravidax.com.br\/home\/#\/schema\/logo\/image\/\"}}]}<\/script>\n<meta property=\"product:price:amount\" content=\"50.00\" \/>\n<meta property=\"product:price:currency\" content=\"BRL\" \/>\n<meta property=\"og:availability\" content=\"instock\" \/>\n<meta property=\"product:availability\" content=\"instock\" \/>\n<meta property=\"product:condition\" content=\"new\" \/>\n<!-- \/ Yoast SEO Premium plugin. -->","yoast_head_json":{"title":"Aluguel de caiaques - Pura Vidax","description":"O aluguel de caiaques na Praia da Pipa \u00e9 uma atividade perfeita para quem deseja desfrutar de momentos tranquilos nas \u00e1guas calmas da regi\u00e3o","robots":{"index":"index","follow":"follow","max-snippet":"max-snippet:-1","max-image-preview":"max-image-preview:large","max-video-preview":"max-video-preview:-1"},"og_locale":"pt_BR","og_type":"article","og_title":"Aluguel de caiaques","og_description":"O aluguel de caiaques na Praia da Pipa \u00e9 uma atividade perfeita para quem deseja desfrutar de momentos tranquilos nas \u00e1guas calmas da regi\u00e3o","og_url":"https:\/\/puravidax.com.br\/home\/produto\/aluguel-de-caiaques\/","og_site_name":"Pura Vidax","article_modified_time":"2025-01-25T17:00:54+00:00","og_image":[{"width":562,"height":562,"url":"https:\/\/puravidax.com.br\/home\/wp-content\/uploads\/2025\/01\/alugueldekaiaque.png","type":"image\/png"}],"twitter_card":"summary_large_image","twitter_misc":{"Pre\u00e7o":"&#82;&#36;&nbsp;50,00","Disponibilidade":"Em Estoque"},"schema":{"@context":"https:\/\/schema.org","@graph":[{"@type":"WebPage","@id":"https:\/\/puravidax.com.br\/home\/produto\/aluguel-de-caiaques\/","url":"https:\/\/puravidax.com.br\/home\/produto\/aluguel-de-caiaques\/","name":"Aluguel de caiaques - Pura Vidax","isPartOf":{"@id":"https:\/\/puravidax.com.br\/home\/#website"},"primaryImageOfPage":{"@id":"https:\/\/puravidax.com.br\/home\/produto\/aluguel-de-caiaques\/#primaryimage"},"image":{"@id":"https:\/\/puravidax.com.br\/home\/produto\/aluguel-de-caiaques\/#primaryimage"},"thumbnailUrl":"https:\/\/puravidax.com.br\/home\/wp-content\/uploads\/2025\/01\/alugueldekaiaque.png","datePublished":"2025-01-24T12:45:12+00:00","dateModified":"2025-01-25T17:00:54+00:00","description":"O aluguel de caiaques na Praia da Pipa \u00e9 uma atividade perfeita para quem deseja desfrutar de momentos tranquilos nas \u00e1guas calmas da regi\u00e3o","breadcrumb":{"@id":"https:\/\/puravidax.com.br\/home\/produto\/aluguel-de-caiaques\/#breadcrumb"},"inLanguage":"pt-BR","potentialAction":[{"@type":"ReadAction","target":["https:\/\/puravidax.com.br\/home\/produto\/aluguel-de-caiaques\/"]}]},{"@type":"ImageObject","inLanguage":"pt-BR","@id":"https:\/\/puravidax.com.br\/home\/produto\/aluguel-de-caiaques\/#primaryimage","url":"https:\/\/puravidax.com.br\/home\/wp-content\/uploads\/2025\/01\/alugueldekaiaque.png","contentUrl":"https:\/\/puravidax.com.br\/home\/wp-content\/uploads\/2025\/01\/alugueldekaiaque.png","width":562,"height":562},{"@type":"BreadcrumbList","@id":"https:\/\/puravidax.com.br\/home\/produto\/aluguel-de-caiaques\/#breadcrumb","itemListElement":[{"@type":"ListItem","position":1,"name":"In\u00edcio","item":"https:\/\/puravidax.com.br\/home\/"},{"@type":"ListItem","position":2,"name":"Produtos","item":"https:\/\/puravidax.com.br\/home\/loja\/"},{"@type":"ListItem","position":3,"name":"Aluguel de caiaques"}]},{"@type":"WebSite","@id":"https:\/\/puravidax.com.br\/home\/#website","url":"https:\/\/puravidax.com.br\/home\/","name":"Pura Vidax","description":"Agende seu passeio ou servi\u00e7o em uma das regi\u00f5es mais lindas do RN","publisher":{"@id":"https:\/\/puravidax.com.br\/home\/#organization"},"potentialAction":[{"@type":"SearchAction","target":{"@type":"EntryPoint","urlTemplate":"https:\/\/puravidax.com.br\/home\/?s={search_term_string}"},"query-input":{"@type":"PropertyValueSpecification","valueRequired":true,"valueName":"search_term_string"}}],"inLanguage":"pt-BR"},{"@type":"Organization","@id":"https:\/\/puravidax.com.br\/home\/#organization","name":"Pura Vidax","url":"https:\/\/puravidax.com.br\/home\/","logo":{"@type":"ImageObject","inLanguage":"pt-BR","@id":"https:\/\/puravidax.com.br\/home\/#\/schema\/logo\/image\/","url":"https:\/\/puravidax.com.br\/home\/wp-content\/uploads\/2025\/01\/logowordpress.png","contentUrl":"https:\/\/puravidax.com.br\/home\/wp-content\/uploads\/2025\/01\/logowordpress.png","width":1312,"height":472,"caption":"Pura Vidax"},"image":{"@id":"https:\/\/puravidax.com.br\/home\/#\/schema\/logo\/image\/"}}]},"product_price_amount":"50.00","product_price_currency":"BRL","og_availability":"instock","product_availability":"instock","product_condition":"new"},"_links":{"self":[{"href":"https:\/\/puravidax.com.br\/home\/wp-json\/wp\/v2\/product\/7236","targetHints":{"allow":["GET"]}}],"collection":[{"href":"https:\/\/puravidax.com.br\/home\/wp-json\/wp\/v2\/product"}],"about":[{"href":"https:\/\/puravidax.com.br\/home\/wp-json\/wp\/v2\/types\/product"}],"replies":[{"embeddable":true,"href":"https:\/\/puravidax.com.br\/home\/wp-json\/wp\/v2\/comments?post=7236"}],"version-history":[{"count":2,"href":"https:\/\/puravidax.com.br\/home\/wp-json\/wp\/v2\/product\/7236\/revisions"}],"predecessor-version":[{"id":7634,"href":"https:\/\/puravidax.com.br\/home\/wp-json\/wp\/v2\/product\/7236\/revisions\/7634"}],"wp:featuredmedia":[{"embeddable":true,"href":"https:\/\/puravidax.com.br\/home\/wp-json\/wp\/v2\/media\/7237"}],"wp:attachment":[{"href":"https:\/\/puravidax.com.br\/home\/wp-json\/wp\/v2\/media?parent=7236"}],"wp:term":[{"taxonomy":"product_brand","embeddable":true,"href":"https:\/\/puravidax.com.br\/home\/wp-json\/wp\/v2\/product_brand?post=7236"},{"taxonomy":"product_cat","embeddable":true,"href":"https:\/\/puravidax.com.br\/home\/wp-json\/wp\/v2\/product_cat?post=7236"},{"taxonomy":"product_tag","embeddable":true,"href":"https:\/\/puravidax.com.br\/home\/wp-json\/wp\/v2\/product_tag?post=7236"}],"curies":[{"name":"wp","href":"https:\/\/api.w.org\/{rel}","templated":true}]}}